{"id":6,"date":"2013-11-05T20:38:12","date_gmt":"2013-11-05T18:38:12","guid":{"rendered":"http:\/\/romgaltest.wordpress.com\/?page_id=6"},"modified":"2026-03-30T16:31:57","modified_gmt":"2026-03-30T14:31:57","slug":"uber-mich","status":"publish","type":"page","link":"https:\/\/lisa.gallauner.at\/?page_id=6","title":{"rendered":"\u00dcber mich"},"content":{"rendered":"<table style=\"border: none;\">\n<tbody>\n<tr>\n<td style=\"width: 33%; border: none;\">\n<h6><span style=\"text-decoration: underline;\">Steckbrief<\/span><\/h6>\n<h6><span style=\"color: #000000;\"><em>Name<\/em><\/span><br \/>\n<span style=\"color: #993366;\"><span style=\"color: #993366;\">Lisa (eigentlich Elisabeth) Gallauner, geb. Gruberbauer<\/span><\/span><\/h6>\n<h6><span style=\"color: #000000;\"><em>Berufe und Berufungen<\/em><\/span><br \/>\n<span style=\"color: #993366;\">MS-Lehrerin f\u00fcr Englisch, Musikerziehung und Informatik<\/span><\/h6>\n<h6><span style=\"color: #993366;\">Autorin<\/span><\/h6>\n<h6><span style=\"color: #000000;\"><em>Geburtstag<\/em><\/span><br \/>\n<span style=\"color: #993366;\">10.Juni 1978<\/span><\/h6>\n<h6><span style=\"color: #000000;\"><em>Sternzeichen<\/em><\/span><br \/>\n<span style=\"color: #993366;\">Zwilling<\/span><\/h6>\n<h6><span style=\"color: #000000;\"><em>Familie<\/em><\/span><br \/>\n<span style=\"color: #993366;\">1 Ehemann, 1 Sohn<\/span><\/h6>\n<h6><span style=\"color: #000000;\"><em>Haustiere<\/em><\/span><br \/>\n<span style=\"color: #993366;\">2 Katzen,<\/span><span style=\"color: #993366;\">\u00a01 H\u00fcndin<br \/>\n<\/span><\/h6>\n<h6><span style=\"color: #000000;\"><em>Wohnort<\/em><\/span><br \/>\n<span style=\"color: #993366;\">Krems &#8211; Hollenburg (N\u00d6)<\/span><\/h6>\n<\/td>\n<td style=\"border: none;\">\n<h2>Das Schreiben und das Lesen&#8230;<\/h2>\n<p>Lesen war schon immer ein wichtiger Teil meines Lebens. Bereits als Kind verschlang ich ein Buch nach dem anderen. W\u00e4hrend meiner Schwangerschaft vor etwa 22 Jahren entdeckte ich dann \u00fcber Nacht auch meine Leidenschaft f\u00fcrs Schreiben. Seit damals schreibe ich, wann immer es meine Zeit erlaubt, fr\u00fcher an den verschiedensten Romanen, Kurzgeschichten, Gedichten und Theaterst\u00fccken f\u00fcr Kinder und Jugendliche aller Altersgruppen, nun vor allem an Krimis f\u00fcr Erwachsene. Beim Schreiben gelange ich in st\u00e4ndig neue Welten, und ich hoffe, dass es den Leserinnen und Lesern meiner B\u00fccher und Geschichten \u00e4hnlich geht.<\/td>\n<\/tr>\n<\/tbody>\n<\/table>\n","protected":false},"excerpt":{"rendered":"<p>Steckbrief Name Lisa (eigentlich Elisabeth) Gallauner, geb. Gruberbauer Berufe und Berufungen MS-Lehrerin f\u00fcr Englisch, Musikerziehung und Informatik Autorin Geburtstag 10.Juni 1978 Sternzeichen Zwilling Familie 1 Ehemann, 1 Sohn Haustiere 2 Katzen,\u00a01 H\u00fcndin Wohnort Krems &#8211; Hollenburg (N\u00d6) Das Schreiben und das Lesen&#8230; Lesen war schon immer ein wichtiger Teil meines Lebens. Bereits als Kind verschlang [&hellip;]<\/p>\n","protected":false},"author":2,"featured_media":0,"parent":0,"menu_order":0,"comment_status":"closed","ping_status":"closed","template":"","meta":{"footnotes":""},"class_list":["post-6","page","type-page","status-publish","hentry"],"_links":{"self":[{"href":"https:\/\/lisa.gallauner.at\/index.php?rest_route=\/wp\/v2\/pages\/6","targetHints":{"allow":["GET"]}}],"collection":[{"href":"https:\/\/lisa.gallauner.at\/index.php?rest_route=\/wp\/v2\/pages"}],"about":[{"href":"https:\/\/lisa.gallauner.at\/index.php?rest_route=\/wp\/v2\/types\/page"}],"author":[{"embeddable":true,"href":"https:\/\/lisa.gallauner.at\/index.php?rest_route=\/wp\/v2\/users\/2"}],"replies":[{"embeddable":true,"href":"https:\/\/lisa.gallauner.at\/index.php?rest_route=%2Fwp%2Fv2%2Fcomments&post=6"}],"version-history":[{"count":22,"href":"https:\/\/lisa.gallauner.at\/index.php?rest_route=\/wp\/v2\/pages\/6\/revisions"}],"predecessor-version":[{"id":1165,"href":"https:\/\/lisa.gallauner.at\/index.php?rest_route=\/wp\/v2\/pages\/6\/revisions\/1165"}],"wp:attachment":[{"href":"https:\/\/lisa.gallauner.at\/index.php?rest_route=%2Fwp%2Fv2%2Fmedia&parent=6"}],"curies":[{"name":"wp","href":"https:\/\/api.w.org\/{rel}","templated":true}]}}