{"id":18,"date":"2013-11-05T20:40:21","date_gmt":"2013-11-05T18:40:21","guid":{"rendered":"http:\/\/romgaltest.wordpress.com\/?page_id=18"},"modified":"2013-11-05T20:40:21","modified_gmt":"2013-11-05T18:40:21","slug":"rezensionen","status":"publish","type":"page","link":"https:\/\/lisa.gallauner.at\/?page_id=18","title":{"rendered":"Rezensionen"},"content":{"rendered":"<h2>Das Geheimnis des dunklen Teichs:<\/h2>\n<p><a href=\"http:\/\/www.gallauner.at\/Lisa\/WordPress\/wp-content\/uploads\/2013\/11\/rezension11.jpg\"><img loading=\"lazy\" decoding=\"async\" class=\"alignnone size-full wp-image-113\" alt=\"Rezension1\" src=\"http:\/\/www.gallauner.at\/Lisa\/WordPress\/wp-content\/uploads\/2013\/11\/rezension11.jpg\" width=\"460\" height=\"636\" srcset=\"https:\/\/lisa.gallauner.at\/WordPress\/wp-content\/uploads\/2013\/11\/rezension11.jpg 578w, https:\/\/lisa.gallauner.at\/WordPress\/wp-content\/uploads\/2013\/11\/rezension11-216x300.jpg 216w\" sizes=\"auto, (max-width: 460px) 100vw, 460px\" \/><\/a><\/p>\n<h2>Fritz schnell wie der Blitz:<\/h2>\n<p><a href=\"http:\/\/www.gallauner.at\/Lisa\/WordPress\/wp-content\/uploads\/2013\/11\/rezension2.jpg\"><img loading=\"lazy\" decoding=\"async\" class=\"alignnone size-full wp-image-114\" alt=\"Rezension2\" src=\"http:\/\/www.gallauner.at\/Lisa\/WordPress\/wp-content\/uploads\/2013\/11\/rezension2.jpg\" width=\"460\" height=\"635\" srcset=\"https:\/\/lisa.gallauner.at\/WordPress\/wp-content\/uploads\/2013\/11\/rezension2.jpg 611w, https:\/\/lisa.gallauner.at\/WordPress\/wp-content\/uploads\/2013\/11\/rezension2-217x300.jpg 217w\" sizes=\"auto, (max-width: 460px) 100vw, 460px\" \/><\/a><\/p>\n<div id=\"id4\">\n<div>\n<div>\n<h2>Teufelsstimmen:<\/h2>\n<\/div>\n<\/div>\n<\/div>\n<div id=\"id5\">\n<div>\n<div>\n<p lang=\"--multilingual\">Buchh\u00e4ndler Tipp (Thalia)<\/p>\n<p lang=\"--multilingual\">Andrea Felsner<\/p>\n<p lang=\"--multilingual\">Ein gelungenes Krimi &#8211; Deb\u00fct<\/p>\n<p lang=\"--multilingual\">In der sonst so idyllischen Wachau passieren pl\u00f6tzlich kaltbl\u00fctige Verbrechen. Die T\u00e4ter sind schnell \u00fcberf\u00fchrt, aber welches Motiv hatten sie? Alle geben gleich nach der Tat an, dass Stimmen sie zu den Verbrechen getrieben h\u00e4tten. Was hat es auf sich mit diesen r\u00e4tselhaften Stimmen? Chefinspektor Meierhofer und sein Kollege Staudinger ermitteln und bald sto\u00dfen sie auf interessante Verbindungen zwischen den T\u00e4tern. Es beginnt ein Wettlauf mit der Zeit. K\u00f6nnen die beiden ein weiteres Verbrechen verhindern?<\/p>\n<p>F\u00fcr alle, die es nicht blutig wollen, ist &#8222;Teufelsstimmen&#8220; der richtige Krimi. Die beiden Ermittler sind sympathisch, besonders der Chefinspektor w\u00e4chst einem so richtig ans Herz.<\/p>\n<p>Ein gelungener erster Krimi der jungen Autorin, der in der Wachau spielt, und nicht nur f\u00fcr die Bewohner dieser Gegend lesenswert ist.<\/p>\n<p lang=\"--multilingual\">LeseLustFrust (B\u00fccherblog)<\/p>\n<p lang=\"--multilingual\">Lisa Gallauner: Teufelsstimmen<br \/>\nEin \u00f6sterreichisches Krimi-Debut, das mir sehr gut gefallen hat. Spannend, stimmige Protagonisten, dezentes Lokalkolorit \u2013 was will man mehr?<\/p>\n<\/div>\n<\/div>\n<\/div>\n","protected":false},"excerpt":{"rendered":"<p>Das Geheimnis des dunklen Teichs: Fritz schnell wie der Blitz: Teufelsstimmen: Buchh\u00e4ndler Tipp (Thalia) Andrea Felsner Ein gelungenes Krimi &#8211; Deb\u00fct In der sonst so idyllischen Wachau passieren pl\u00f6tzlich kaltbl\u00fctige Verbrechen. Die T\u00e4ter sind schnell \u00fcberf\u00fchrt, aber welches Motiv hatten sie? Alle geben gleich nach der Tat an, dass Stimmen sie zu den Verbrechen getrieben [&hellip;]<\/p>\n","protected":false},"author":2,"featured_media":0,"parent":0,"menu_order":0,"comment_status":"closed","ping_status":"closed","template":"","meta":{"footnotes":""},"class_list":["post-18","page","type-page","status-publish","hentry"],"_links":{"self":[{"href":"https:\/\/lisa.gallauner.at\/index.php?rest_route=\/wp\/v2\/pages\/18","targetHints":{"allow":["GET"]}}],"collection":[{"href":"https:\/\/lisa.gallauner.at\/index.php?rest_route=\/wp\/v2\/pages"}],"about":[{"href":"https:\/\/lisa.gallauner.at\/index.php?rest_route=\/wp\/v2\/types\/page"}],"author":[{"embeddable":true,"href":"https:\/\/lisa.gallauner.at\/index.php?rest_route=\/wp\/v2\/users\/2"}],"replies":[{"embeddable":true,"href":"https:\/\/lisa.gallauner.at\/index.php?rest_route=%2Fwp%2Fv2%2Fcomments&post=18"}],"version-history":[{"count":0,"href":"https:\/\/lisa.gallauner.at\/index.php?rest_route=\/wp\/v2\/pages\/18\/revisions"}],"wp:attachment":[{"href":"https:\/\/lisa.gallauner.at\/index.php?rest_route=%2Fwp%2Fv2%2Fmedia&parent=18"}],"curies":[{"name":"wp","href":"https:\/\/api.w.org\/{rel}","templated":true}]}}