{"id":14,"date":"2013-11-05T20:40:32","date_gmt":"2013-11-05T18:40:32","guid":{"rendered":"http:\/\/romgaltest.wordpress.com\/?page_id=14"},"modified":"2016-05-06T11:38:08","modified_gmt":"2016-05-06T09:38:08","slug":"theaterstucke","status":"publish","type":"page","link":"https:\/\/lisa.gallauner.at\/?page_id=14","title":{"rendered":"Theaterst\u00fccke"},"content":{"rendered":"<h4>DER HIMMEL SUCHT DEN WEIHNACHTSMANN<\/h4>\n<p>Es ist kurz vor Weihnachten und es herrscht Katastrophenstimmung. Der Weihnachtsmann leidet angeblich an einem Burn-out und befindet sich auf Kur. Das Christkind, die Zahnfee, der Osterhase, der Nikolaus und der Krampus haben sich zu einer Krisensitzung zusammengefunden, um zu beraten, wie die Situation noch gerettet werden k\u00f6nnte. Der Krampus schl\u00e4gt eine Castingshow vor, bei der ein Weihnachtsmannersatz gefunden werden soll, aber weder der Heimatdichter, der Rapper, der Pantomime und schon gar nicht die kleinen Teufelchen, die als Elfen verkleidet sind, \u00fcberzeugen. Zum Gl\u00fcck kommt der Weihnachtsmann rechtzeitig von seiner Kur zur\u00fcck und nimmt gemeinsam mit all den Kandidaten die Arbeit auf.<\/p>\n<h4><\/h4>\n<p>&nbsp;<\/p>\n<p>&nbsp;<\/p>\n<h4>HOLT DEN WEIHNACHTSMANN AUS DEM KNAST!<\/h4>\n<p>Der Krampus hegt einen b\u00f6sen Plan f\u00fcr das bevorstehende Weihnachtsfest aus. Er will den Weihnachtsmann am Verteilen der Geschenke hindern. Drei Helfer des Weihnachtsmanns tun sich mit dem Krampus zusammen und mischen dem Weihnachtsmann berauschende Tropfen in den Kakao. Auf der Reise mit dem Rentierschlitten sieht es so aus, als ob er zu viel getrunken h\u00e4tte. Zwei Himmelspolizisten stecken den Weihnachtsmann deshalb zur Ausn\u00fcchterung in das Himmelsgef\u00e4ngnis. Es scheint so, als ob der Plan des Krampus aufgehen w\u00fcrde, doch die b\u00f6sen Elfen besinnen sich und gestehen ihre Verfehlung. Der Weihnachtsmann kommt frei, der Krampus muss seine Niederlage einsehen und der Weihnachtsmann kann seine Geschenke ausliefern.<\/p>\n<h4><\/h4>\n<p>&nbsp;<\/p>\n<p>&nbsp;<\/p>\n<h4>ZWEI HIMMLISCHE HELFER GREIFEN EIN<\/h4>\n<p style=\"margin: 0 0 50px;\">Mein neuestes Weihnachtsst\u00fcck, ebenfalls im Unda-Verlag erschienen:<br \/>\nIn einem gro\u00dfen Unternehmen herrscht Krisenstimmung: Die Ums\u00e4tze sind stark zur\u00fcckgegangen. Schuld daran sind der Weihnachtsmann\/das Christkind (je nach Belieben ;-)) und dessen himmlische Helfer. Also fasst der korrupte Firmenboss einen fiesen Plan. Die himmlischen Helfer m\u00fcssen auf die Seite des Unternehmens gezogen werden, um die zauberhafte Konkurrenz so auszuschalten. Der hinterh\u00e4ltige Plan scheint aufzugehen. W\u00e4ren da nicht zwei freche himmlische Helfer, die alles daran setzen, das Weihnachtsfest zu retten.<\/p>\n<p>&nbsp;<\/p>\n<p>&nbsp;<\/p>\n<h4>DIE ENGEL AUF DER SHOPPINGMEILE<\/h4>\n<p style=\"margin: 0 0 50px;\">Wie macht man vier verw\u00f6hnten, oberfl\u00e4chlichen Luxusgirls, denen es an Weihnachten nur um Geschenke geht, klar, warum das Fest eigentlich gefeiert wird? Eine Herausforderung f\u00fcr einige eifrige und weniger eifrige Engelchen, die diese aber gerne annehmen. Wird es ihnen gelingen, die Luxusgirls zum Umdenken zu bewegen?<br \/>\nErschienen ist dieses Weihnachtsst\u00fcck, wie alle meiner Theaterst\u00fccke, im Unda-Verlag.<\/p>\n<p>&nbsp;<\/p>\n<p>&nbsp;<\/p>\n<h4>B\u00d6SE KINDER GIBT ES NICHT!<\/h4>\n<p style=\"margin: 0 0 50px;\">\u201eB\u00f6se Kinder gibt es nicht!\u201c, im Unda-Verlag erschienen:<br \/>\nDas Christkind und der Weihnachtsmann haben gro\u00dfe Sorgen. Ihre Helfer haben jeweils ein Kind entdeckt, das so schlimm ist, dass es ihrer Ansicht nach kein Weihnachtsgeschenk verdient. Ratlos, was sie nun tun sollen, treffen die beiden einander und erkennen w\u00e4hrend dieses Treffens, dass alles zwei Seiten hat. Schlie\u00dflich kommen sie zu einem erfreulichen Urteil: B\u00f6se Kinder gibt es nicht und jedes Kind verdient ein Weihnachtsgeschenk &#8211; oder zwei, oder drei&#8230;<\/p>\n<p>&nbsp;<\/p>\n<p>&nbsp;<\/p>\n<h4>EINER F\u00dcR ALLE &#8211; ALLE F\u00dcR EINEN<\/h4>\n<p style=\"margin: 0 0 50px;\">Und noch ein, im Unda-Verlag erschienenes, Theaterst\u00fcck: \u201eEiner f\u00fcr alle &#8211; alle f\u00fcr einen\u201c<br \/>\nInhalt: Tobias, Kevin, Lukas und Paul sind beste Freunde. Ihr Leitspruch lautet \u201eEiner f\u00fcr alle und alle f\u00fcr einen\u201c. Doch dann kommt Raphael in ihre Klasse. Alle, au\u00dfer Tobias, finden ihn cool, weil er von seiner alten Schule geflogen ist. Tobias wagt es, sich gegen Raphael zu stellen und wird so schnell zum Mobbingopfer. Seine ehemaligen Freunde und Raphael beginnen ihn zu tyrannisieren. Bis es zu einem folgenschweren Vorfall kommt&#8230;<\/p>\n<p>&nbsp;<\/p>\n<p>&nbsp;<\/p>\n<h4>VERZIEH DICH!<\/h4>\n<p style=\"margin: 0 0 50px;\">Mein viertes Theaterst\u00fcck, \u201eVerzieh dich!\u201c, ist nat\u00fcrlich auch im Unda-Verlag erschienen. Es behandelt das Thema Mobbing unter Jugendlichen.<br \/>\nInhalt: Als die vierzehnj\u00e4hrige, h\u00fcbsche Lena die Schule wechselt, ver\u00e4ndert das ihr Leben komplett. Denn Babsi, Tina und Paula, in deren Klasse sie kommt, mobben sie gnadenlos. Sie schaffen es sogar, Lenas besten Freund, Tom, gegen sie aufzubringen. Lena will schon aufgeben, doch dann beschlie\u00dft sie, dass sie es satt hat, ein Opfer zu sein&#8230;<\/p>\n<p>&nbsp;<\/p>\n<p>&nbsp;<\/p>\n<h4>WEIHNACHTSFREUDEN ODER SWIMMINGPOOL<\/h4>\n<p style=\"margin: 0 0 50px;\">Mein drittes Theaterst\u00fcck ist ebenfalls im Unda-Verlag erschienen. Es hei\u00dft \u201eWeihnachtsfreuden oder Swimmingpool\u201c und ist, wie der Namen schon verr\u00e4t, wieder einmal ein Weihnachtsst\u00fcck.<br \/>\nInhalt: Familie Bergmann beschlie\u00dft, Weihnachten ausfallen zu lassen und stattdessen das gesparte Geld in einen Swimmingpool zu investieren. Da passieren knapp vor Weihnachten pl\u00f6tzlich seltsame Dinge. Das Haus ist wie durch Zauberhand weihnachtlich geschm\u00fcckt, Weihnachtskekse tauchen in der K\u00fcche auf etc.. Und so kommt schlie\u00dflich alles anders, als geplant&#8230;<\/p>\n<p>&nbsp;<\/p>\n<p>&nbsp;<\/p>\n<h4>SCHULE IST ECHT COOL!<\/h4>\n<p style=\"margin: 0 0 50px;\">Auch mein zweites Theaterst\u00fcck, \u201eSchule ist echt cool!\u201c, ist im Unda &#8211; Verlag erschienen. Es ist ein St\u00fcck, das zeigen soll, wie cool Schule sein kann. Ich spreche da ja aus Erfahrung *g*.<\/p>\n<p>&nbsp;<\/p>\n<p>&nbsp;<\/p>\n<h4>EIN WEIHNACHTLICHER ROLLENTAUSCH<\/h4>\n<p style=\"margin: 0 0 50px;\">Mein erstes Theaterst\u00fcck speziell f\u00fcr Schulen bzw. Kinder &#8211; und Jugendtheatergruppen ist im Unda &#8211; Verlag erschienen. Es hei\u00dft \u201eEin weihnachtlicher Rollentausch\u201c und ist ein witziges, unkonventionelles Weihnachtsst\u00fcck. <a title=\"http:\/\/www.unda.at\" href=\"http:\/\/www.unda.at\"><br \/>\n<\/a><\/p>\n","protected":false},"excerpt":{"rendered":"<p>DER HIMMEL SUCHT DEN WEIHNACHTSMANN Es ist kurz vor Weihnachten und es herrscht Katastrophenstimmung. Der Weihnachtsmann leidet angeblich an einem Burn-out und befindet sich auf Kur. Das Christkind, die Zahnfee, der Osterhase, der Nikolaus und der Krampus haben sich zu einer Krisensitzung zusammengefunden, um zu beraten, wie die Situation noch gerettet werden k\u00f6nnte. Der Krampus [&hellip;]<\/p>\n","protected":false},"author":2,"featured_media":0,"parent":0,"menu_order":0,"comment_status":"closed","ping_status":"closed","template":"","meta":{"footnotes":""},"class_list":["post-14","page","type-page","status-publish","hentry"],"_links":{"self":[{"href":"https:\/\/lisa.gallauner.at\/index.php?rest_route=\/wp\/v2\/pages\/14","targetHints":{"allow":["GET"]}}],"collection":[{"href":"https:\/\/lisa.gallauner.at\/index.php?rest_route=\/wp\/v2\/pages"}],"about":[{"href":"https:\/\/lisa.gallauner.at\/index.php?rest_route=\/wp\/v2\/types\/page"}],"author":[{"embeddable":true,"href":"https:\/\/lisa.gallauner.at\/index.php?rest_route=\/wp\/v2\/users\/2"}],"replies":[{"embeddable":true,"href":"https:\/\/lisa.gallauner.at\/index.php?rest_route=%2Fwp%2Fv2%2Fcomments&post=14"}],"version-history":[{"count":10,"href":"https:\/\/lisa.gallauner.at\/index.php?rest_route=\/wp\/v2\/pages\/14\/revisions"}],"predecessor-version":[{"id":743,"href":"https:\/\/lisa.gallauner.at\/index.php?rest_route=\/wp\/v2\/pages\/14\/revisions\/743"}],"wp:attachment":[{"href":"https:\/\/lisa.gallauner.at\/index.php?rest_route=%2Fwp%2Fv2%2Fmedia&parent=14"}],"curies":[{"name":"wp","href":"https:\/\/api.w.org\/{rel}","templated":true}]}}