{"id":12,"date":"2013-11-05T20:38:52","date_gmt":"2013-11-05T18:38:52","guid":{"rendered":"http:\/\/romgaltest.wordpress.com\/?page_id=12"},"modified":"2017-03-19T11:32:39","modified_gmt":"2017-03-19T10:32:39","slug":"begleitmaterialien","status":"publish","type":"page","link":"https:\/\/lisa.gallauner.at\/?page_id=12","title":{"rendered":"Begleitmaterialien"},"content":{"rendered":"<p>Hier kannst du dir Spiele, Bastelanleitungen, Lesezeichen etc. zu meinen B\u00fcchern gratis herunterladen. Auch Lehrerbegleitmaterial ist hier verf\u00fcgbar.<\/p>\n<p>Vielen Dank an dieser Stelle an Antje Bohnstedt, Steffi\u00e9 Becker, Nina Dulleck, Katrin Wolff, Gisela D\u00fcrr, Angela Picha, Stefan Torreiter und all die anderen tollen IllustratorInnen, ohne die es diese Unterlagen gar nicht geben w\u00fcrde!<\/p>\n<p><a href=\"https:\/\/lisa.gallauner.at\/LeoDetektivausweis.pdf\" target=\"_blank\" rel=\"https:\/\/lisa.gallauner.at\/LeoDetektivausweis.pdf\"><img loading=\"lazy\" decoding=\"async\" class=\"size-full wp-image-91 alignnone\" style=\"box-shadow: 3px 3px 5px 6px #cccccc; margin: 10px;\" src=\"http:\/\/www.gallauner.at\/Lisa\/WordPress\/wp-content\/uploads\/2013\/11\/begleitmaterial51.jpg\" alt=\"Begleitmaterial5\" width=\"186\" height=\"139\" \/><\/a> <a href=\"https:\/\/lisa.gallauner.at\/iWeb\/Lisa\/Begleitmaterialien_files\/Microsoft%20Word%20-%20Detektivausweis%20Dunkler%20Teich.pdf\" target=\"_blank\" rel=\"https:\/\/lisa.gallauner.at\/iWeb\/Lisa\/Begleitmaterialien_files\/Microsoft%20Word%20-%20Detektivausweis%20Dunkler%20Teich.pdf\"><img loading=\"lazy\" decoding=\"async\" class=\"alignnone size-medium wp-image-92\" style=\"box-shadow: 3px 3px 5px 6px #cccccc; margin: 10px;\" src=\"http:\/\/www.gallauner.at\/Lisa\/WordPress\/wp-content\/uploads\/2013\/11\/begleitmaterial61.png?w=204\" alt=\"Begleitmaterial6\" width=\"204\" height=\"155\" \/><\/a> <a href=\"https:\/\/lisa.gallauner.at\/Coole%20Schule%20-%20Lesezeichen.pdf\" target=\"_blank\" rel=\"https:\/\/lisa.gallauner.at\/Coole%20Schule%20-%20Lesezeichen.pdf\"><img loading=\"lazy\" decoding=\"async\" class=\"alignnone size-medium wp-image-93\" style=\"box-shadow: 3px 3px 5px 6px #cccccc; margin: 10px;\" src=\"http:\/\/www.gallauner.at\/Lisa\/WordPress\/wp-content\/uploads\/2013\/11\/begleitmaterial71.png?w=216\" alt=\"Begleitmaterial7\" width=\"216\" height=\"144\" \/><\/a> <a href=\"https:\/\/lisa.gallauner.at\/Fritz%20-%20Lesezeichen.pdf\" target=\"_blank\" rel=\"https:\/\/lisa.gallauner.at\/Fritz%20-%20Lesezeichen.pdf\"><img loading=\"lazy\" decoding=\"async\" class=\"alignnone size-medium wp-image-94\" style=\"box-shadow: 3px 3px 5px 6px #cccccc; margin: 10px;\" src=\"http:\/\/www.gallauner.at\/Lisa\/WordPress\/wp-content\/uploads\/2013\/11\/begleitmaterial81.png?w=234\" alt=\"Begleitmaterial8\" width=\"234\" height=\"166\" \/><\/a> <a href=\"https:\/\/lisa.gallauner.at\/Lehrerbegleitmaterial_3Auge.pdf\" target=\"_blank\" rel=\"https:\/\/lisa.gallauner.at\/Lehrerbegleitmaterial_3Auge.pdf\"><img loading=\"lazy\" decoding=\"async\" class=\"alignnone size-medium wp-image-95\" style=\"box-shadow: 3px 3px 5px 6px #cccccc; margin: 10px;\" src=\"http:\/\/www.gallauner.at\/Lisa\/WordPress\/wp-content\/uploads\/2013\/11\/begleitmaterial91.png?w=272\" alt=\"Begleitmaterial9\" width=\"272\" height=\"194\" \/><\/a> <a href=\"https:\/\/lisa.gallauner.at\/3_Auge-Lesezeichen.pdf\" target=\"_blank\" rel=\"https:\/\/lisa.gallauner.at\/3_Auge-Lesezeichen.pdf\"><img loading=\"lazy\" decoding=\"async\" class=\"alignnone size-medium wp-image-96\" style=\"box-shadow: 3px 3px 5px 6px #cccccc; margin: 10px;\" src=\"http:\/\/www.gallauner.at\/Lisa\/WordPress\/wp-content\/uploads\/2013\/11\/begleitmaterial11.png?w=241\" alt=\"Begleitmaterial1\" width=\"241\" height=\"181\" \/><\/a> <a href=\"https:\/\/lisa.gallauner.at\/Prinzessin_puppe.pdf\" target=\"_blank\" rel=\"https:\/\/lisa.gallauner.at\/Prinzessin_puppe.pdf\"><img loading=\"lazy\" decoding=\"async\" class=\"alignnone size-medium wp-image-97\" style=\"margin: 10px; box-shadow: 3px 3px 5px 6px #cccccc;\" src=\"http:\/\/www.gallauner.at\/Lisa\/WordPress\/wp-content\/uploads\/2013\/11\/begleitmaterial21.png?w=194\" alt=\"Begleitmaterial2\" width=\"194\" height=\"137\" \/><\/a> <a href=\"https:\/\/lisa.gallauner.at\/Drachenpapierflieger.pdf\" target=\"_blank\" rel=\"https:\/\/lisa.gallauner.at\/Drachenpapierflieger.pdf\"><img loading=\"lazy\" decoding=\"async\" class=\"alignnone size-medium wp-image-98\" style=\"box-shadow: 3px 3px 5px 6px #cccccc; margin: 10px;\" src=\"http:\/\/www.gallauner.at\/Lisa\/WordPress\/wp-content\/uploads\/2013\/11\/begleitmaterial3.png?w=190\" alt=\"Begleitmaterial3\" width=\"190\" height=\"135\" \/><\/a> <a href=\"https:\/\/lisa.gallauner.at\/Hanna_Memo.pdf\" target=\"_blank\" rel=\"https:\/\/lisa.gallauner.at\/Hanna_Memo.pdf\"><img loading=\"lazy\" decoding=\"async\" class=\"alignnone size-medium wp-image-99\" style=\"margin: 10px; box-shadow: 3px 3px 5px 6px #cccccc;\" src=\"http:\/\/www.gallauner.at\/Lisa\/WordPress\/wp-content\/uploads\/2013\/11\/begleitmaterial41.png?w=194\" alt=\"Begleitmaterial4\" width=\"194\" height=\"138\" \/><\/a><a title=\"Hexe Hanna und die Flugshow Lesezeichen\" href=\"https:\/\/lisa.gallauner.at\/WordPress\/wp-content\/uploads\/2014\/04\/Hexe-Hanna-und-die-Flugshow-Lesezeichen.pdf\" target=\"_blank\"><img loading=\"lazy\" decoding=\"async\" class=\"alignnone wp-image-620\" style=\"margin: 10px; box-shadow: 3px 3px 5px 6px #cccccc;\" src=\"https:\/\/lisa.gallauner.at\/WordPress\/wp-content\/uploads\/2014\/04\/Hexe-Hanna-und-die-Flugshow-Lesezeichen-300x211.png\" alt=\"Hexe Hanna und die Flugshow- Lesezeichen\" width=\"194\" height=\"138\" \/><\/a><\/p>\n<p>&nbsp;<\/p>\n<p>Noch mehr Lesezeichen:<\/p>\n<p><a href=\"https:\/\/lisa.gallauner.at\/WordPress\/wp-content\/uploads\/2013\/11\/Robin-Hood-Lesezeichen.pdf\" target=\"_blank\">Robin Hood<\/a><\/p>\n<p><a href=\"https:\/\/lisa.gallauner.at\/WordPress\/wp-content\/uploads\/2013\/11\/Robinson-Lesezeichen.pdf\" target=\"_blank\">Robinson Crusoe<\/a><\/p>\n<p><a href=\"https:\/\/lisa.gallauner.at\/WordPress\/wp-content\/uploads\/2013\/11\/SMS-des-Schreckens-Lesezeichen.pdf\" target=\"_blank\">SMS des Schreckens<\/a><\/p>\n<p><a href=\"https:\/\/lisa.gallauner.at\/WordPress\/wp-content\/uploads\/2013\/11\/24-Geschichten-bis...-Lesezeichen.pdf\" target=\"_blank\">24 Geschichten bis das Christkind kommt<\/a><\/p>\n<p><a href=\"https:\/\/lisa.gallauner.at\/WordPress\/wp-content\/uploads\/2013\/11\/Christkind-Lesezeichen.pdf\" target=\"_blank\">Jetzt kann das Christkind kommen!<\/a><\/p>\n<p><a href=\"https:\/\/lisa.gallauner.at\/WordPress\/wp-content\/uploads\/2013\/11\/Haialarm-Lesezeichen.pdf\" target=\"_blank\">Hai-Alarm am Badesee<\/a><\/p>\n<p><a href=\"https:\/\/lisa.gallauner.at\/WordPress\/wp-content\/uploads\/2013\/11\/Halfpipe-Lesezeichen.pdf\" target=\"_blank\">Halfpipe &#8211; Leon legt los!<\/a><\/p>\n","protected":false},"excerpt":{"rendered":"<p>Hier kannst du dir Spiele, Bastelanleitungen, Lesezeichen etc. zu meinen B\u00fcchern gratis herunterladen. Auch Lehrerbegleitmaterial ist hier verf\u00fcgbar. Vielen Dank an dieser Stelle an Antje Bohnstedt, Steffi\u00e9 Becker, Nina Dulleck, Katrin Wolff, Gisela D\u00fcrr, Angela Picha, Stefan Torreiter und all die anderen tollen IllustratorInnen, ohne die es diese Unterlagen gar nicht geben w\u00fcrde! &nbsp; Noch [&hellip;]<\/p>\n","protected":false},"author":2,"featured_media":0,"parent":0,"menu_order":0,"comment_status":"closed","ping_status":"closed","template":"","meta":{"footnotes":""},"class_list":["post-12","page","type-page","status-publish","hentry"],"_links":{"self":[{"href":"https:\/\/lisa.gallauner.at\/index.php?rest_route=\/wp\/v2\/pages\/12","targetHints":{"allow":["GET"]}}],"collection":[{"href":"https:\/\/lisa.gallauner.at\/index.php?rest_route=\/wp\/v2\/pages"}],"about":[{"href":"https:\/\/lisa.gallauner.at\/index.php?rest_route=\/wp\/v2\/types\/page"}],"author":[{"embeddable":true,"href":"https:\/\/lisa.gallauner.at\/index.php?rest_route=\/wp\/v2\/users\/2"}],"replies":[{"embeddable":true,"href":"https:\/\/lisa.gallauner.at\/index.php?rest_route=%2Fwp%2Fv2%2Fcomments&post=12"}],"version-history":[{"count":8,"href":"https:\/\/lisa.gallauner.at\/index.php?rest_route=\/wp\/v2\/pages\/12\/revisions"}],"predecessor-version":[{"id":896,"href":"https:\/\/lisa.gallauner.at\/index.php?rest_route=\/wp\/v2\/pages\/12\/revisions\/896"}],"wp:attachment":[{"href":"https:\/\/lisa.gallauner.at\/index.php?rest_route=%2Fwp%2Fv2%2Fmedia&parent=12"}],"curies":[{"name":"wp","href":"https:\/\/api.w.org\/{rel}","templated":true}]}}